{"id":8780,"date":"2025-01-29T19:07:00","date_gmt":"2025-01-29T18:07:00","guid":{"rendered":"https:\/\/nrtest.it\/guida-e-strumenti\/caratterizzare-e-prestazioni-dei-sistemi-anti-scivolo\/"},"modified":"2025-04-08T19:21:28","modified_gmt":"2025-04-08T17:21:28","slug":"charakterystyka-i-dzialanie-systemow-antyposlizgowych","status":"publish","type":"page","link":"https:\/\/nordresine.com\/pl\/certyfikacje-i-narzedzia\/charakterystyka-i-dzialanie-systemow-antyposlizgowych\/","title":{"rendered":"Charakterystyka i dzia\u0142anie system\u00f3w antypo\u015blizgowych"},"content":{"rendered":"","protected":false},"excerpt":{"rendered":"","protected":false},"author":1,"featured_media":0,"parent":8647,"menu_order":0,"comment_status":"closed","ping_status":"closed","template":"page-templates\/guides-tools-aqualamine.php","meta":{"_acf_changed":false,"footnotes":""},"class_list":["post-8780","page","type-page","status-publish","hentry"],"acf":[],"yoast_head":"<!-- This site is optimized with the Yoast SEO plugin v26.8 - https:\/\/yoast.com\/product\/yoast-seo-wordpress\/ -->\n<title>Charakterystyka i dzia\u0142anie system\u00f3w antypo\u015blizgowych - Nord Resine<\/title>\n<meta name=\"robots\" content=\"index, follow, max-snippet:-1, max-image-preview:large, max-video-preview:-1\" \/>\n<link rel=\"canonical\" href=\"https:\/\/nordresine.com\/pl\/certyfikacje-i-narzedzia\/charakterystyka-i-dzialanie-systemow-antyposlizgowych\/\" \/>\n<meta property=\"og:locale\" content=\"pl_PL\" \/>\n<meta property=\"og:type\" content=\"article\" \/>\n<meta property=\"og:title\" content=\"Charakterystyka i dzia\u0142anie system\u00f3w antypo\u015blizgowych - Nord Resine\" \/>\n<meta property=\"og:url\" content=\"https:\/\/nordresine.com\/pl\/certyfikacje-i-narzedzia\/charakterystyka-i-dzialanie-systemow-antyposlizgowych\/\" \/>\n<meta property=\"og:site_name\" content=\"Nord Resine\" \/>\n<meta property=\"article:publisher\" content=\"https:\/\/www.facebook.com\/NordResineSpa\/\" \/>\n<meta property=\"article:modified_time\" content=\"2025-04-08T17:21:28+00:00\" \/>\n<meta name=\"twitter:card\" content=\"summary_large_image\" \/>\n<script type=\"application\/ld+json\" class=\"yoast-schema-graph\">{\"@context\":\"https:\/\/schema.org\",\"@graph\":[{\"@type\":\"WebPage\",\"@id\":\"https:\/\/nordresine.com\/pl\/certyfikacje-i-narzedzia\/charakterystyka-i-dzialanie-systemow-antyposlizgowych\/\",\"url\":\"https:\/\/nordresine.com\/pl\/certyfikacje-i-narzedzia\/charakterystyka-i-dzialanie-systemow-antyposlizgowych\/\",\"name\":\"Charakterystyka i dzia\u0142anie system\u00f3w antypo\u015blizgowych - Nord Resine\",\"isPartOf\":{\"@id\":\"https:\/\/nordresine.com\/pl\/#website\"},\"datePublished\":\"2025-01-29T18:07:00+00:00\",\"dateModified\":\"2025-04-08T17:21:28+00:00\",\"breadcrumb\":{\"@id\":\"https:\/\/nordresine.com\/pl\/certyfikacje-i-narzedzia\/charakterystyka-i-dzialanie-systemow-antyposlizgowych\/#breadcrumb\"},\"inLanguage\":\"pl-PL\",\"potentialAction\":[{\"@type\":\"ReadAction\",\"target\":[\"https:\/\/nordresine.com\/pl\/certyfikacje-i-narzedzia\/charakterystyka-i-dzialanie-systemow-antyposlizgowych\/\"]}]},{\"@type\":\"BreadcrumbList\",\"@id\":\"https:\/\/nordresine.com\/pl\/certyfikacje-i-narzedzia\/charakterystyka-i-dzialanie-systemow-antyposlizgowych\/#breadcrumb\",\"itemListElement\":[{\"@type\":\"ListItem\",\"position\":1,\"name\":\"Home\",\"item\":\"https:\/\/nordresine.com\/pl\/\"},{\"@type\":\"ListItem\",\"position\":2,\"name\":\"Certyfikacje I Narz\u0119dzia\",\"item\":\"https:\/\/nordresine.com\/pl\/certyfikacje-i-narzedzia\/\"},{\"@type\":\"ListItem\",\"position\":3,\"name\":\"Charakterystyka i dzia\u0142anie system\u00f3w antypo\u015blizgowych\"}]},{\"@type\":\"WebSite\",\"@id\":\"https:\/\/nordresine.com\/pl\/#website\",\"url\":\"https:\/\/nordresine.com\/pl\/\",\"name\":\"Nord Resine\",\"description\":\"\",\"potentialAction\":[{\"@type\":\"SearchAction\",\"target\":{\"@type\":\"EntryPoint\",\"urlTemplate\":\"https:\/\/nordresine.com\/pl\/?s={search_term_string}\"},\"query-input\":{\"@type\":\"PropertyValueSpecification\",\"valueRequired\":true,\"valueName\":\"search_term_string\"}}],\"inLanguage\":\"pl-PL\"}]}<\/script>\n<!-- \/ Yoast SEO plugin. -->","yoast_head_json":{"title":"Charakterystyka i dzia\u0142anie system\u00f3w antypo\u015blizgowych - Nord Resine","robots":{"index":"index","follow":"follow","max-snippet":"max-snippet:-1","max-image-preview":"max-image-preview:large","max-video-preview":"max-video-preview:-1"},"canonical":"https:\/\/nordresine.com\/pl\/certyfikacje-i-narzedzia\/charakterystyka-i-dzialanie-systemow-antyposlizgowych\/","og_locale":"pl_PL","og_type":"article","og_title":"Charakterystyka i dzia\u0142anie system\u00f3w antypo\u015blizgowych - Nord Resine","og_url":"https:\/\/nordresine.com\/pl\/certyfikacje-i-narzedzia\/charakterystyka-i-dzialanie-systemow-antyposlizgowych\/","og_site_name":"Nord Resine","article_publisher":"https:\/\/www.facebook.com\/NordResineSpa\/","article_modified_time":"2025-04-08T17:21:28+00:00","twitter_card":"summary_large_image","schema":{"@context":"https:\/\/schema.org","@graph":[{"@type":"WebPage","@id":"https:\/\/nordresine.com\/pl\/certyfikacje-i-narzedzia\/charakterystyka-i-dzialanie-systemow-antyposlizgowych\/","url":"https:\/\/nordresine.com\/pl\/certyfikacje-i-narzedzia\/charakterystyka-i-dzialanie-systemow-antyposlizgowych\/","name":"Charakterystyka i dzia\u0142anie system\u00f3w antypo\u015blizgowych - Nord Resine","isPartOf":{"@id":"https:\/\/nordresine.com\/pl\/#website"},"datePublished":"2025-01-29T18:07:00+00:00","dateModified":"2025-04-08T17:21:28+00:00","breadcrumb":{"@id":"https:\/\/nordresine.com\/pl\/certyfikacje-i-narzedzia\/charakterystyka-i-dzialanie-systemow-antyposlizgowych\/#breadcrumb"},"inLanguage":"pl-PL","potentialAction":[{"@type":"ReadAction","target":["https:\/\/nordresine.com\/pl\/certyfikacje-i-narzedzia\/charakterystyka-i-dzialanie-systemow-antyposlizgowych\/"]}]},{"@type":"BreadcrumbList","@id":"https:\/\/nordresine.com\/pl\/certyfikacje-i-narzedzia\/charakterystyka-i-dzialanie-systemow-antyposlizgowych\/#breadcrumb","itemListElement":[{"@type":"ListItem","position":1,"name":"Home","item":"https:\/\/nordresine.com\/pl\/"},{"@type":"ListItem","position":2,"name":"Certyfikacje I Narz\u0119dzia","item":"https:\/\/nordresine.com\/pl\/certyfikacje-i-narzedzia\/"},{"@type":"ListItem","position":3,"name":"Charakterystyka i dzia\u0142anie system\u00f3w antypo\u015blizgowych"}]},{"@type":"WebSite","@id":"https:\/\/nordresine.com\/pl\/#website","url":"https:\/\/nordresine.com\/pl\/","name":"Nord Resine","description":"","potentialAction":[{"@type":"SearchAction","target":{"@type":"EntryPoint","urlTemplate":"https:\/\/nordresine.com\/pl\/?s={search_term_string}"},"query-input":{"@type":"PropertyValueSpecification","valueRequired":true,"valueName":"search_term_string"}}],"inLanguage":"pl-PL"}]}},"_links":{"self":[{"href":"https:\/\/nordresine.com\/pl\/wp-json\/wp\/v2\/pages\/8780","targetHints":{"allow":["GET"]}}],"collection":[{"href":"https:\/\/nordresine.com\/pl\/wp-json\/wp\/v2\/pages"}],"about":[{"href":"https:\/\/nordresine.com\/pl\/wp-json\/wp\/v2\/types\/page"}],"author":[{"embeddable":true,"href":"https:\/\/nordresine.com\/pl\/wp-json\/wp\/v2\/users\/1"}],"replies":[{"embeddable":true,"href":"https:\/\/nordresine.com\/pl\/wp-json\/wp\/v2\/comments?post=8780"}],"version-history":[{"count":1,"href":"https:\/\/nordresine.com\/pl\/wp-json\/wp\/v2\/pages\/8780\/revisions"}],"predecessor-version":[{"id":8783,"href":"https:\/\/nordresine.com\/pl\/wp-json\/wp\/v2\/pages\/8780\/revisions\/8783"}],"up":[{"embeddable":true,"href":"https:\/\/nordresine.com\/pl\/wp-json\/wp\/v2\/pages\/8647"}],"wp:attachment":[{"href":"https:\/\/nordresine.com\/pl\/wp-json\/wp\/v2\/media?parent=8780"}],"curies":[{"name":"wp","href":"https:\/\/api.w.org\/{rel}","templated":true}]}}